{"id":950,"date":"2023-01-12T19:53:43","date_gmt":"2023-01-12T18:53:43","guid":{"rendered":"https:\/\/wanderbar-markus.at\/?page_id=950"},"modified":"2025-06-05T10:07:43","modified_gmt":"2025-06-05T08:07:43","slug":"gutschein","status":"publish","type":"page","link":"https:\/\/wanderbar-markus.at\/en\/gutschein\/","title":{"rendered":"VOUCHER"},"content":{"rendered":"<div data-elementor-type=\"wp-page\" data-elementor-id=\"950\" class=\"elementor elementor-950\" data-elementor-post-type=\"page\">\n\t\t\t\t\t\t<section data-dce-background-overlay-color=\"#121212\" data-dce-background-image-url=\"http:\/\/wanderbar-markus.at\/wp-content\/uploads\/2022\/12\/team-climbing-a-mountain.jpg\" class=\"elementor-section elementor-top-section elementor-element elementor-element-171e27a7 elementor-section-boxed elementor-section-height-default elementor-section-height-default\" data-id=\"171e27a7\" data-element_type=\"section\" data-settings=\"{&quot;background_background&quot;:&quot;classic&quot;}\">\n\t\t\t\t\t\t\t<div class=\"elementor-background-overlay\"><\/div>\n\t\t\t\t\t\t\t<div class=\"elementor-container elementor-column-gap-default\">\n\t\t\t\t\t<div class=\"elementor-column elementor-col-100 elementor-top-column elementor-element elementor-element-5fd21ba\" data-id=\"5fd21ba\" data-element_type=\"column\">\n\t\t\t<div class=\"elementor-widget-wrap elementor-element-populated\">\n\t\t\t\t\t\t<div class=\"elementor-element elementor-element-4dd10abf elementor-widget elementor-widget-heading\" data-id=\"4dd10abf\" data-element_type=\"widget\" data-widget_type=\"heading.default\">\n\t\t\t\t<div class=\"elementor-widget-container\">\n\t\t\t\t\t<h2 class=\"elementor-heading-title elementor-size-default\">VOUCHER<\/h2>\t\t\t\t<\/div>\n\t\t\t\t<\/div>\n\t\t\t\t<div class=\"elementor-element elementor-element-32be0948 elementor-widget elementor-widget-text-editor\" data-id=\"32be0948\" data-element_type=\"widget\" data-widget_type=\"text-editor.default\">\n\t\t\t\t<div class=\"elementor-widget-container\">\n\t\t\t\t\t\t\t\t\t<p>Do you wish to surprise someone with a present? In my portfolio there are offers about sociality, contact, relationship, enjoyment, experience, movement and others that are fun and where you are able to get in contact and make new friends!<\/p>\t\t\t\t\t\t\t\t<\/div>\n\t\t\t\t<\/div>\n\t\t\t\t<div class=\"elementor-element elementor-element-50c55397 elementor-absolute elementor-widget elementor-widget-heading\" data-id=\"50c55397\" data-element_type=\"widget\" data-settings=\"{&quot;_position&quot;:&quot;absolute&quot;}\" data-widget_type=\"heading.default\">\n\t\t\t\t<div class=\"elementor-widget-container\">\n\t\t\t\t\t<span class=\"elementor-heading-title elementor-size-default\">GIFT<\/span>\t\t\t\t<\/div>\n\t\t\t\t<\/div>\n\t\t\t\t\t<\/div>\n\t\t<\/div>\n\t\t\t\t\t<\/div>\n\t\t<\/section>\n\t\t\t\t<section class=\"elementor-section elementor-top-section elementor-element elementor-element-70002ba elementor-reverse-mobile elementor-section-boxed elementor-section-height-default elementor-section-height-default\" data-id=\"70002ba\" data-element_type=\"section\">\n\t\t\t\t\t\t<div class=\"elementor-container elementor-column-gap-default\">\n\t\t\t\t\t<div class=\"elementor-column elementor-col-100 elementor-top-column elementor-element elementor-element-16839148 elementor-invisible\" data-id=\"16839148\" data-element_type=\"column\" data-settings=\"{&quot;animation&quot;:&quot;fadeInLeft&quot;}\">\n\t\t\t<div class=\"elementor-widget-wrap elementor-element-populated\">\n\t\t\t\t\t\t<div class=\"elementor-element elementor-element-72cc4737 elementor-widget elementor-widget-text-editor\" data-id=\"72cc4737\" data-element_type=\"widget\" data-widget_type=\"text-editor.default\">\n\t\t\t\t<div class=\"elementor-widget-container\">\n\t\t\t\t\t\t\t\t\t<p>Just contact me by using the contact form, by writing an e-mail to <a href=\"mailto:willkommen@wanderbar-markus.at\">willkommen@wanderbar-markus.at.<\/a> or by calling to find the match for your gift! It is possible to buy a voucher carrying a  certain amount of money, which the presentee may use for a currently advertised tour (see TOUR SCHEDULE) or an individual tour (see YOUR TOUR). Vouchers are sent either by e-mail or by post and are valid for one year from the date of issue!<\/p>\t\t\t\t\t\t\t\t<\/div>\n\t\t\t\t<\/div>\n\t\t\t\t<div class=\"elementor-element elementor-element-4ec680cc dce_masking-none elementor-widget elementor-widget-image\" data-id=\"4ec680cc\" data-element_type=\"widget\" data-widget_type=\"image.default\">\n\t\t\t\t<div class=\"elementor-widget-container\">\n\t\t\t\t\t\t\t\t\t\t\t\t\t\t\t<img decoding=\"async\" src=\"https:\/\/wanderbar-markus.at\/wp-content\/uploads\/2023\/03\/gutschein_wanderbar-1024x615.png\" title=\"\" alt=\"\" loading=\"lazy\" \/>\t\t\t\t\t\t\t\t\t\t\t\t\t\t\t<\/div>\n\t\t\t\t<\/div>\n\t\t\t\t<div class=\"elementor-element elementor-element-4ae2914 elementor-widget elementor-widget-text-editor\" data-id=\"4ae2914\" data-element_type=\"widget\" data-widget_type=\"text-editor.default\">\n\t\t\t\t<div class=\"elementor-widget-container\">\n\t\t\t\t\t\t\t\t\t<p><b style=\"color: var( --e-global-color-text ); font-family: var( --e-global-typography-text-font-family ), Sans-serif; font-size: var( --e-global-typography-text-font-size );\">How does it work:<\/b><\/p><ul><li>Contact Wanderbar Markus Leonhartsberger - request voucher. Minimum amount of the voucher: 20,- Euro<\/li><li>Information about the voucher, payment and handling will be given by telephone or sent by e-mail.<\/li><li>Pay the voucher<\/li><li>Voucher will be sent either by e-mail or by post<\/li><li>Voucher can be given away as a gift<\/li><\/ul><p><b>For the person redeeming the voucher:<\/b><\/p><p class=\"translation-block\">The voucher must be presented when redeemed! If the amount of the voucher is insufficient to pay the fee of the desired tour, it is possible to pay the missing amount in cash. Remaining amounts of redeemed vouchers may be transferred to new vouchers before vouchers expire. Cash refunds for vouchers are excluded! The <strong><a href=\"http:\/\/wanderbar-markus.at\/wp-content\/uploads\/2023\/03\/GTC-Hiking-and-Snowshoeguide-Markus-Leonhartsberger.pdf\" target=\"_self\">GTC<\/a><\/strong> apply!<\/p>\t\t\t\t\t\t\t\t<\/div>\n\t\t\t\t<\/div>\n\t\t\t\t\t<\/div>\n\t\t<\/div>\n\t\t\t\t\t<\/div>\n\t\t<\/section>\n\t\t\t\t<\/div>","protected":false},"excerpt":{"rendered":"<p>Gutschein Willst du jemanden beschenken? Im Tourenangebot gibt es Angebote zu den Themen Geselligkeit, Kontakt, Beziehung, Genuss, Erlebnis, Bewegung, Spa\u00df und anderen, die Freude bereiten und wo es M\u00f6glichkeiten gibt, neue Freunde kennenzulernen! Geschenk Melde dich einfach mit deinem Anliegen \u00fcber das Kontaktformular, schreib\u00b4 ein E-Mail an willkommen@wanderbar-markus.at oder ruf an, um das Passende zu [&hellip;]<\/p>","protected":false},"author":1,"featured_media":0,"parent":0,"menu_order":0,"comment_status":"closed","ping_status":"closed","template":"elementor_header_footer","meta":{"_acf_changed":false,"iawp_total_views":109,"footnotes":""},"class_list":["post-950","page","type-page","status-publish","hentry"],"acf":[],"yoast_head":"<!-- This site is optimized with the Yoast SEO plugin v25.0 - https:\/\/yoast.com\/wordpress\/plugins\/seo\/ -->\n<title>Gutschein - Wanderbar - Markus Leonhartsberger<\/title>\n<meta name=\"robots\" content=\"index, follow, max-snippet:-1, max-image-preview:large, max-video-preview:-1\" \/>\n<link rel=\"canonical\" href=\"https:\/\/wanderbar-markus.at\/en\/gutschein\/\" \/>\n<meta property=\"og:locale\" content=\"en_GB\" \/>\n<meta property=\"og:type\" content=\"article\" \/>\n<meta property=\"og:title\" content=\"Gutschein - Wanderbar - Markus Leonhartsberger\" \/>\n<meta property=\"og:description\" content=\"Gutschein Willst du jemanden beschenken? Im Tourenangebot gibt es Angebote zu den Themen Geselligkeit, Kontakt, Beziehung, Genuss, Erlebnis, Bewegung, Spa\u00df und anderen, die Freude bereiten und wo es M\u00f6glichkeiten gibt, neue Freunde kennenzulernen! Geschenk Melde dich einfach mit deinem Anliegen \u00fcber das Kontaktformular, schreib\u00b4 ein E-Mail an willkommen@wanderbar-markus.at oder ruf an, um das Passende zu [&hellip;]\" \/>\n<meta property=\"og:url\" content=\"https:\/\/wanderbar-markus.at\/en\/gutschein\/\" \/>\n<meta property=\"og:site_name\" content=\"Wanderbar - Markus Leonhartsberger\" \/>\n<meta property=\"article:modified_time\" content=\"2025-06-05T08:07:43+00:00\" \/>\n<meta property=\"og:image\" content=\"https:\/\/wanderbar-markus.at\/wp-content\/uploads\/2023\/03\/gutschein_wanderbar-1024x615.png\" \/>\n<meta name=\"twitter:card\" content=\"summary_large_image\" \/>\n<meta name=\"twitter:label1\" content=\"Estimated reading time\" \/>\n\t<meta name=\"twitter:data1\" content=\"2 minutes\" \/>\n<script type=\"application\/ld+json\" class=\"yoast-schema-graph\">{\"@context\":\"https:\/\/schema.org\",\"@graph\":[{\"@type\":\"WebPage\",\"@id\":\"https:\/\/wanderbar-markus.at\/gutschein\/\",\"url\":\"https:\/\/wanderbar-markus.at\/gutschein\/\",\"name\":\"Gutschein - Wanderbar - Markus Leonhartsberger\",\"isPartOf\":{\"@id\":\"https:\/\/wanderbar-markus.at\/#website\"},\"primaryImageOfPage\":{\"@id\":\"https:\/\/wanderbar-markus.at\/gutschein\/#primaryimage\"},\"image\":{\"@id\":\"https:\/\/wanderbar-markus.at\/gutschein\/#primaryimage\"},\"thumbnailUrl\":\"https:\/\/wanderbar-markus.at\/wp-content\/uploads\/2023\/03\/gutschein_wanderbar-1024x615.png\",\"datePublished\":\"2023-01-12T18:53:43+00:00\",\"dateModified\":\"2025-06-05T08:07:43+00:00\",\"breadcrumb\":{\"@id\":\"https:\/\/wanderbar-markus.at\/gutschein\/#breadcrumb\"},\"inLanguage\":\"en-GB\",\"potentialAction\":[{\"@type\":\"ReadAction\",\"target\":[\"https:\/\/wanderbar-markus.at\/gutschein\/\"]}]},{\"@type\":\"ImageObject\",\"inLanguage\":\"en-GB\",\"@id\":\"https:\/\/wanderbar-markus.at\/gutschein\/#primaryimage\",\"url\":\"https:\/\/wanderbar-markus.at\/wp-content\/uploads\/2023\/03\/gutschein_wanderbar-1024x615.png\",\"contentUrl\":\"https:\/\/wanderbar-markus.at\/wp-content\/uploads\/2023\/03\/gutschein_wanderbar-1024x615.png\"},{\"@type\":\"BreadcrumbList\",\"@id\":\"https:\/\/wanderbar-markus.at\/gutschein\/#breadcrumb\",\"itemListElement\":[{\"@type\":\"ListItem\",\"position\":1,\"name\":\"Startseite\",\"item\":\"https:\/\/wanderbar-markus.at\/\"},{\"@type\":\"ListItem\",\"position\":2,\"name\":\"Gutschein\"}]},{\"@type\":\"WebSite\",\"@id\":\"https:\/\/wanderbar-markus.at\/#website\",\"url\":\"https:\/\/wanderbar-markus.at\/\",\"name\":\"Wanderbar - Markus Leonhartsberger\",\"description\":\"Der Bergwander- und Schneeschuhf\u00fchrer f\u00fcr unvergessliche Momente\",\"publisher\":{\"@id\":\"https:\/\/wanderbar-markus.at\/#organization\"},\"potentialAction\":[{\"@type\":\"SearchAction\",\"target\":{\"@type\":\"EntryPoint\",\"urlTemplate\":\"https:\/\/wanderbar-markus.at\/?s={search_term_string}\"},\"query-input\":{\"@type\":\"PropertyValueSpecification\",\"valueRequired\":true,\"valueName\":\"search_term_string\"}}],\"inLanguage\":\"en-GB\"},{\"@type\":\"Organization\",\"@id\":\"https:\/\/wanderbar-markus.at\/#organization\",\"name\":\"Wanderbar - Markus Leonhartsberger\",\"url\":\"https:\/\/wanderbar-markus.at\/\",\"logo\":{\"@type\":\"ImageObject\",\"inLanguage\":\"en-GB\",\"@id\":\"https:\/\/wanderbar-markus.at\/#\/schema\/logo\/image\/\",\"url\":\"https:\/\/wanderbar-markus.at\/wp-content\/uploads\/2022\/12\/Logo-WANDERBAR-Vektor.svg\",\"contentUrl\":\"https:\/\/wanderbar-markus.at\/wp-content\/uploads\/2022\/12\/Logo-WANDERBAR-Vektor.svg\",\"width\":500,\"height\":500,\"caption\":\"Wanderbar - Markus Leonhartsberger\"},\"image\":{\"@id\":\"https:\/\/wanderbar-markus.at\/#\/schema\/logo\/image\/\"}}]}<\/script>\n<!-- \/ Yoast SEO plugin. -->","yoast_head_json":{"title":"Gutschein - Wanderbar - Markus Leonhartsberger","robots":{"index":"index","follow":"follow","max-snippet":"max-snippet:-1","max-image-preview":"max-image-preview:large","max-video-preview":"max-video-preview:-1"},"canonical":"https:\/\/wanderbar-markus.at\/en\/gutschein\/","og_locale":"en_GB","og_type":"article","og_title":"Gutschein - Wanderbar - Markus Leonhartsberger","og_description":"Gutschein Willst du jemanden beschenken? Im Tourenangebot gibt es Angebote zu den Themen Geselligkeit, Kontakt, Beziehung, Genuss, Erlebnis, Bewegung, Spa\u00df und anderen, die Freude bereiten und wo es M\u00f6glichkeiten gibt, neue Freunde kennenzulernen! Geschenk Melde dich einfach mit deinem Anliegen \u00fcber das Kontaktformular, schreib\u00b4 ein E-Mail an willkommen@wanderbar-markus.at oder ruf an, um das Passende zu [&hellip;]","og_url":"https:\/\/wanderbar-markus.at\/en\/gutschein\/","og_site_name":"Wanderbar - Markus Leonhartsberger","article_modified_time":"2025-06-05T08:07:43+00:00","og_image":[{"url":"https:\/\/wanderbar-markus.at\/wp-content\/uploads\/2023\/03\/gutschein_wanderbar-1024x615.png","type":"","width":"","height":""}],"twitter_card":"summary_large_image","twitter_misc":{"Estimated reading time":"2 minutes"},"schema":{"@context":"https:\/\/schema.org","@graph":[{"@type":"WebPage","@id":"https:\/\/wanderbar-markus.at\/gutschein\/","url":"https:\/\/wanderbar-markus.at\/gutschein\/","name":"Gutschein - Wanderbar - Markus Leonhartsberger","isPartOf":{"@id":"https:\/\/wanderbar-markus.at\/#website"},"primaryImageOfPage":{"@id":"https:\/\/wanderbar-markus.at\/gutschein\/#primaryimage"},"image":{"@id":"https:\/\/wanderbar-markus.at\/gutschein\/#primaryimage"},"thumbnailUrl":"https:\/\/wanderbar-markus.at\/wp-content\/uploads\/2023\/03\/gutschein_wanderbar-1024x615.png","datePublished":"2023-01-12T18:53:43+00:00","dateModified":"2025-06-05T08:07:43+00:00","breadcrumb":{"@id":"https:\/\/wanderbar-markus.at\/gutschein\/#breadcrumb"},"inLanguage":"en-GB","potentialAction":[{"@type":"ReadAction","target":["https:\/\/wanderbar-markus.at\/gutschein\/"]}]},{"@type":"ImageObject","inLanguage":"en-GB","@id":"https:\/\/wanderbar-markus.at\/gutschein\/#primaryimage","url":"https:\/\/wanderbar-markus.at\/wp-content\/uploads\/2023\/03\/gutschein_wanderbar-1024x615.png","contentUrl":"https:\/\/wanderbar-markus.at\/wp-content\/uploads\/2023\/03\/gutschein_wanderbar-1024x615.png"},{"@type":"BreadcrumbList","@id":"https:\/\/wanderbar-markus.at\/gutschein\/#breadcrumb","itemListElement":[{"@type":"ListItem","position":1,"name":"Startseite","item":"https:\/\/wanderbar-markus.at\/"},{"@type":"ListItem","position":2,"name":"Gutschein"}]},{"@type":"WebSite","@id":"https:\/\/wanderbar-markus.at\/#website","url":"https:\/\/wanderbar-markus.at\/","name":"Wanderbar - Markus Leonhartsberger","description":"Der Bergwander- und Schneeschuhf\u00fchrer f\u00fcr unvergessliche Momente","publisher":{"@id":"https:\/\/wanderbar-markus.at\/#organization"},"potentialAction":[{"@type":"SearchAction","target":{"@type":"EntryPoint","urlTemplate":"https:\/\/wanderbar-markus.at\/?s={search_term_string}"},"query-input":{"@type":"PropertyValueSpecification","valueRequired":true,"valueName":"search_term_string"}}],"inLanguage":"en-GB"},{"@type":"Organization","@id":"https:\/\/wanderbar-markus.at\/#organization","name":"Wanderbar - Markus Leonhartsberger","url":"https:\/\/wanderbar-markus.at\/","logo":{"@type":"ImageObject","inLanguage":"en-GB","@id":"https:\/\/wanderbar-markus.at\/#\/schema\/logo\/image\/","url":"https:\/\/wanderbar-markus.at\/wp-content\/uploads\/2022\/12\/Logo-WANDERBAR-Vektor.svg","contentUrl":"https:\/\/wanderbar-markus.at\/wp-content\/uploads\/2022\/12\/Logo-WANDERBAR-Vektor.svg","width":500,"height":500,"caption":"Wanderbar - Markus Leonhartsberger"},"image":{"@id":"https:\/\/wanderbar-markus.at\/#\/schema\/logo\/image\/"}}]}},"_links":{"self":[{"href":"https:\/\/wanderbar-markus.at\/en\/wp-json\/wp\/v2\/pages\/950","targetHints":{"allow":["GET"]}}],"collection":[{"href":"https:\/\/wanderbar-markus.at\/en\/wp-json\/wp\/v2\/pages"}],"about":[{"href":"https:\/\/wanderbar-markus.at\/en\/wp-json\/wp\/v2\/types\/page"}],"author":[{"embeddable":true,"href":"https:\/\/wanderbar-markus.at\/en\/wp-json\/wp\/v2\/users\/1"}],"replies":[{"embeddable":true,"href":"https:\/\/wanderbar-markus.at\/en\/wp-json\/wp\/v2\/comments?post=950"}],"version-history":[{"count":10,"href":"https:\/\/wanderbar-markus.at\/en\/wp-json\/wp\/v2\/pages\/950\/revisions"}],"predecessor-version":[{"id":2573,"href":"https:\/\/wanderbar-markus.at\/en\/wp-json\/wp\/v2\/pages\/950\/revisions\/2573"}],"wp:attachment":[{"href":"https:\/\/wanderbar-markus.at\/en\/wp-json\/wp\/v2\/media?parent=950"}],"curies":[{"name":"wp","href":"https:\/\/api.w.org\/{rel}","templated":true}]}}